{"id":135,"date":"2017-06-23T23:05:48","date_gmt":"2017-06-23T23:05:48","guid":{"rendered":"http:\/\/inspirythemesdemo.com\/realplaces\/?page_id=135"},"modified":"2025-02-19T18:09:34","modified_gmt":"2025-02-19T21:09:34","slug":"buscar_imovel","status":"publish","type":"page","link":"https:\/\/moriaimob.com.br\/imob\/buscar_imovel\/","title":{"rendered":"Buscar Im\u00f3vel"},"content":{"rendered":"","protected":false},"excerpt":{"rendered":"","protected":false},"author":1,"featured_media":5870,"parent":0,"menu_order":0,"comment_status":"open","ping_status":"closed","template":"templates\/properties-search.php","meta":{"footnotes":""},"class_list":["post-135","page","type-page","status-publish","has-post-thumbnail","hentry"],"yoast_head":"<!-- This site is optimized with the Yoast SEO plugin v27.4 - https:\/\/yoast.com\/product\/yoast-seo-wordpress\/ -->\n<title>Buscar Im\u00f3vel - Imobili\u00e1ria Mori\u00e1<\/title>\n<meta name=\"description\" content=\"Busque o im\u00f3vel do seu sonho com a imobili\u00e1ria Mori\u00e1 em Pelotas e Regi\u00e3o.\" \/>\n<meta name=\"robots\" content=\"index, follow, max-snippet:-1, max-image-preview:large, max-video-preview:-1\" \/>\n<link rel=\"canonical\" href=\"https:\/\/moriaimob.com.br\/imob\/buscar_imovel\/\" \/>\n<meta property=\"og:locale\" content=\"pt_BR\" \/>\n<meta property=\"og:type\" content=\"article\" \/>\n<meta property=\"og:title\" content=\"Buscar Im\u00f3vel - Imobili\u00e1ria Mori\u00e1\" \/>\n<meta property=\"og:description\" content=\"Busque o im\u00f3vel do seu sonho com a imobili\u00e1ria Mori\u00e1 em Pelotas e Regi\u00e3o.\" \/>\n<meta property=\"og:url\" content=\"https:\/\/moriaimob.com.br\/imob\/buscar_imovel\/\" \/>\n<meta property=\"og:site_name\" content=\"Imobili\u00e1ria Mori\u00e1\" \/>\n<meta property=\"article:modified_time\" content=\"2025-02-19T21:09:34+00:00\" \/>\n<meta property=\"og:image\" content=\"https:\/\/moriaimob.com.br\/imob\/wp-content\/uploads\/2020\/06\/Apartment-e1739434032826.jpg\" \/>\n\t<meta property=\"og:image:width\" content=\"1240\" \/>\n\t<meta property=\"og:image:height\" content=\"494\" \/>\n\t<meta property=\"og:image:type\" content=\"image\/jpeg\" \/>\n<meta name=\"twitter:card\" content=\"summary_large_image\" \/>\n<meta name=\"twitter:label1\" content=\"Est. tempo de leitura\" \/>\n\t<meta name=\"twitter:data1\" content=\"1 minuto\" \/>\n<script type=\"application\/ld+json\" class=\"yoast-schema-graph\">{\"@context\":\"https:\\\/\\\/schema.org\",\"@graph\":[{\"@type\":\"WebPage\",\"@id\":\"https:\\\/\\\/moriaimob.com.br\\\/imob\\\/buscar_imovel\\\/\",\"url\":\"https:\\\/\\\/moriaimob.com.br\\\/imob\\\/buscar_imovel\\\/\",\"name\":\"Buscar Im\u00f3vel - Imobili\u00e1ria Mori\u00e1\",\"isPartOf\":{\"@id\":\"https:\\\/\\\/moriaimob.com.br\\\/imob\\\/#website\"},\"primaryImageOfPage\":{\"@id\":\"https:\\\/\\\/moriaimob.com.br\\\/imob\\\/buscar_imovel\\\/#primaryimage\"},\"image\":{\"@id\":\"https:\\\/\\\/moriaimob.com.br\\\/imob\\\/buscar_imovel\\\/#primaryimage\"},\"thumbnailUrl\":\"https:\\\/\\\/moriaimob.com.br\\\/imob\\\/wp-content\\\/uploads\\\/2020\\\/06\\\/Apartment-e1739434032826.jpg\",\"datePublished\":\"2017-06-23T23:05:48+00:00\",\"dateModified\":\"2025-02-19T21:09:34+00:00\",\"description\":\"Busque o im\u00f3vel do seu sonho com a imobili\u00e1ria Mori\u00e1 em Pelotas e Regi\u00e3o.\",\"breadcrumb\":{\"@id\":\"https:\\\/\\\/moriaimob.com.br\\\/imob\\\/buscar_imovel\\\/#breadcrumb\"},\"inLanguage\":\"pt-BR\",\"potentialAction\":[{\"@type\":\"ReadAction\",\"target\":[\"https:\\\/\\\/moriaimob.com.br\\\/imob\\\/buscar_imovel\\\/\"]}]},{\"@type\":\"ImageObject\",\"inLanguage\":\"pt-BR\",\"@id\":\"https:\\\/\\\/moriaimob.com.br\\\/imob\\\/buscar_imovel\\\/#primaryimage\",\"url\":\"https:\\\/\\\/moriaimob.com.br\\\/imob\\\/wp-content\\\/uploads\\\/2020\\\/06\\\/Apartment-e1739434032826.jpg\",\"contentUrl\":\"https:\\\/\\\/moriaimob.com.br\\\/imob\\\/wp-content\\\/uploads\\\/2020\\\/06\\\/Apartment-e1739434032826.jpg\",\"width\":1240,\"height\":494},{\"@type\":\"BreadcrumbList\",\"@id\":\"https:\\\/\\\/moriaimob.com.br\\\/imob\\\/buscar_imovel\\\/#breadcrumb\",\"itemListElement\":[{\"@type\":\"ListItem\",\"position\":1,\"name\":\"In\u00edcio\",\"item\":\"https:\\\/\\\/moriaimob.com.br\\\/imob\\\/\"},{\"@type\":\"ListItem\",\"position\":2,\"name\":\"Buscar Im\u00f3vel\"}]},{\"@type\":\"WebSite\",\"@id\":\"https:\\\/\\\/moriaimob.com.br\\\/imob\\\/#website\",\"url\":\"https:\\\/\\\/moriaimob.com.br\\\/imob\\\/\",\"name\":\"Imobili\u00e1ria Mori\u00e1\",\"description\":\"\",\"publisher\":{\"@id\":\"https:\\\/\\\/moriaimob.com.br\\\/imob\\\/#organization\"},\"potentialAction\":[{\"@type\":\"SearchAction\",\"target\":{\"@type\":\"EntryPoint\",\"urlTemplate\":\"https:\\\/\\\/moriaimob.com.br\\\/imob\\\/?s={search_term_string}\"},\"query-input\":{\"@type\":\"PropertyValueSpecification\",\"valueRequired\":true,\"valueName\":\"search_term_string\"}}],\"inLanguage\":\"pt-BR\"},{\"@type\":\"Organization\",\"@id\":\"https:\\\/\\\/moriaimob.com.br\\\/imob\\\/#organization\",\"name\":\"Imobili\u00e1ria Mori\u00e1\",\"url\":\"https:\\\/\\\/moriaimob.com.br\\\/imob\\\/\",\"logo\":{\"@type\":\"ImageObject\",\"inLanguage\":\"pt-BR\",\"@id\":\"https:\\\/\\\/moriaimob.com.br\\\/imob\\\/#\\\/schema\\\/logo\\\/image\\\/\",\"url\":\"https:\\\/\\\/moriaimob.com.br\\\/imob\\\/wp-content\\\/uploads\\\/2025\\\/05\\\/logo-sem-fundo.png\",\"contentUrl\":\"https:\\\/\\\/moriaimob.com.br\\\/imob\\\/wp-content\\\/uploads\\\/2025\\\/05\\\/logo-sem-fundo.png\",\"width\":163,\"height\":95,\"caption\":\"Imobili\u00e1ria Mori\u00e1\"},\"image\":{\"@id\":\"https:\\\/\\\/moriaimob.com.br\\\/imob\\\/#\\\/schema\\\/logo\\\/image\\\/\"}}]}<\/script>\n<!-- \/ Yoast SEO plugin. -->","yoast_head_json":{"title":"Buscar Im\u00f3vel - Imobili\u00e1ria Mori\u00e1","description":"Busque o im\u00f3vel do seu sonho com a imobili\u00e1ria Mori\u00e1 em Pelotas e Regi\u00e3o.","robots":{"index":"index","follow":"follow","max-snippet":"max-snippet:-1","max-image-preview":"max-image-preview:large","max-video-preview":"max-video-preview:-1"},"canonical":"https:\/\/moriaimob.com.br\/imob\/buscar_imovel\/","og_locale":"pt_BR","og_type":"article","og_title":"Buscar Im\u00f3vel - Imobili\u00e1ria Mori\u00e1","og_description":"Busque o im\u00f3vel do seu sonho com a imobili\u00e1ria Mori\u00e1 em Pelotas e Regi\u00e3o.","og_url":"https:\/\/moriaimob.com.br\/imob\/buscar_imovel\/","og_site_name":"Imobili\u00e1ria Mori\u00e1","article_modified_time":"2025-02-19T21:09:34+00:00","og_image":[{"width":1240,"height":494,"url":"https:\/\/moriaimob.com.br\/imob\/wp-content\/uploads\/2020\/06\/Apartment-e1739434032826.jpg","type":"image\/jpeg"}],"twitter_card":"summary_large_image","twitter_misc":{"Est. tempo de leitura":"1 minuto"},"schema":{"@context":"https:\/\/schema.org","@graph":[{"@type":"WebPage","@id":"https:\/\/moriaimob.com.br\/imob\/buscar_imovel\/","url":"https:\/\/moriaimob.com.br\/imob\/buscar_imovel\/","name":"Buscar Im\u00f3vel - Imobili\u00e1ria Mori\u00e1","isPartOf":{"@id":"https:\/\/moriaimob.com.br\/imob\/#website"},"primaryImageOfPage":{"@id":"https:\/\/moriaimob.com.br\/imob\/buscar_imovel\/#primaryimage"},"image":{"@id":"https:\/\/moriaimob.com.br\/imob\/buscar_imovel\/#primaryimage"},"thumbnailUrl":"https:\/\/moriaimob.com.br\/imob\/wp-content\/uploads\/2020\/06\/Apartment-e1739434032826.jpg","datePublished":"2017-06-23T23:05:48+00:00","dateModified":"2025-02-19T21:09:34+00:00","description":"Busque o im\u00f3vel do seu sonho com a imobili\u00e1ria Mori\u00e1 em Pelotas e Regi\u00e3o.","breadcrumb":{"@id":"https:\/\/moriaimob.com.br\/imob\/buscar_imovel\/#breadcrumb"},"inLanguage":"pt-BR","potentialAction":[{"@type":"ReadAction","target":["https:\/\/moriaimob.com.br\/imob\/buscar_imovel\/"]}]},{"@type":"ImageObject","inLanguage":"pt-BR","@id":"https:\/\/moriaimob.com.br\/imob\/buscar_imovel\/#primaryimage","url":"https:\/\/moriaimob.com.br\/imob\/wp-content\/uploads\/2020\/06\/Apartment-e1739434032826.jpg","contentUrl":"https:\/\/moriaimob.com.br\/imob\/wp-content\/uploads\/2020\/06\/Apartment-e1739434032826.jpg","width":1240,"height":494},{"@type":"BreadcrumbList","@id":"https:\/\/moriaimob.com.br\/imob\/buscar_imovel\/#breadcrumb","itemListElement":[{"@type":"ListItem","position":1,"name":"In\u00edcio","item":"https:\/\/moriaimob.com.br\/imob\/"},{"@type":"ListItem","position":2,"name":"Buscar Im\u00f3vel"}]},{"@type":"WebSite","@id":"https:\/\/moriaimob.com.br\/imob\/#website","url":"https:\/\/moriaimob.com.br\/imob\/","name":"Imobili\u00e1ria Mori\u00e1","description":"","publisher":{"@id":"https:\/\/moriaimob.com.br\/imob\/#organization"},"potentialAction":[{"@type":"SearchAction","target":{"@type":"EntryPoint","urlTemplate":"https:\/\/moriaimob.com.br\/imob\/?s={search_term_string}"},"query-input":{"@type":"PropertyValueSpecification","valueRequired":true,"valueName":"search_term_string"}}],"inLanguage":"pt-BR"},{"@type":"Organization","@id":"https:\/\/moriaimob.com.br\/imob\/#organization","name":"Imobili\u00e1ria Mori\u00e1","url":"https:\/\/moriaimob.com.br\/imob\/","logo":{"@type":"ImageObject","inLanguage":"pt-BR","@id":"https:\/\/moriaimob.com.br\/imob\/#\/schema\/logo\/image\/","url":"https:\/\/moriaimob.com.br\/imob\/wp-content\/uploads\/2025\/05\/logo-sem-fundo.png","contentUrl":"https:\/\/moriaimob.com.br\/imob\/wp-content\/uploads\/2025\/05\/logo-sem-fundo.png","width":163,"height":95,"caption":"Imobili\u00e1ria Mori\u00e1"},"image":{"@id":"https:\/\/moriaimob.com.br\/imob\/#\/schema\/logo\/image\/"}}]}},"_links":{"self":[{"href":"https:\/\/moriaimob.com.br\/imob\/wp-json\/wp\/v2\/pages\/135","targetHints":{"allow":["GET"]}}],"collection":[{"href":"https:\/\/moriaimob.com.br\/imob\/wp-json\/wp\/v2\/pages"}],"about":[{"href":"https:\/\/moriaimob.com.br\/imob\/wp-json\/wp\/v2\/types\/page"}],"author":[{"embeddable":true,"href":"https:\/\/moriaimob.com.br\/imob\/wp-json\/wp\/v2\/users\/1"}],"replies":[{"embeddable":true,"href":"https:\/\/moriaimob.com.br\/imob\/wp-json\/wp\/v2\/comments?post=135"}],"version-history":[{"count":6,"href":"https:\/\/moriaimob.com.br\/imob\/wp-json\/wp\/v2\/pages\/135\/revisions"}],"predecessor-version":[{"id":7596,"href":"https:\/\/moriaimob.com.br\/imob\/wp-json\/wp\/v2\/pages\/135\/revisions\/7596"}],"wp:featuredmedia":[{"embeddable":true,"href":"https:\/\/moriaimob.com.br\/imob\/wp-json\/wp\/v2\/media\/5870"}],"wp:attachment":[{"href":"https:\/\/moriaimob.com.br\/imob\/wp-json\/wp\/v2\/media?parent=135"}],"curies":[{"name":"wp","href":"https:\/\/api.w.org\/{rel}","templated":true}]}}